{"id":32560,"date":"2025-10-07T10:41:20","date_gmt":"2025-10-07T13:41:20","guid":{"rendered":"https:\/\/s2consultoria.com.br\/?page_id=32560"},"modified":"2025-12-02T11:34:10","modified_gmt":"2025-12-02T14:34:10","slug":"educacao","status":"publish","type":"page","link":"https:\/\/s2consultoria.com.br\/en\/educacao\/","title":{"rendered":"Educa\u00e7\u00e3o"},"content":{"rendered":"","protected":false},"excerpt":{"rendered":"","protected":false},"author":1,"featured_media":0,"parent":0,"menu_order":0,"comment_status":"closed","ping_status":"closed","template":"page-educacao.php","meta":{"footnotes":""},"class_list":["post-32560","page","type-page","status-publish","hentry"],"acf":[],"yoast_head":"<!-- This site is optimized with the Yoast SEO plugin v26.5 - https:\/\/yoast.com\/wordpress\/plugins\/seo\/ -->\n<title>Educa\u00e7\u00e3o \u00c9tica Corporativa - s2 Consultoria<\/title>\n<meta name=\"description\" content=\"Diagnosticar a cultura, construir repert\u00f3rio, criar estrat\u00e9gias recorrentes para que a integridade deixe de ser discurso e vire pr\u00e1tica.\" \/>\n<meta name=\"robots\" content=\"index, follow, max-snippet:-1, max-image-preview:large, max-video-preview:-1\" \/>\n<link rel=\"canonical\" href=\"https:\/\/s2consultoria.com.br\/en\/educacao\/\" \/>\n<meta property=\"og:locale\" content=\"en_US\" \/>\n<meta property=\"og:type\" content=\"article\" \/>\n<meta property=\"og:title\" content=\"Educa\u00e7\u00e3o \u00c9tica Corporativa - s2 Consultoria\" \/>\n<meta property=\"og:description\" content=\"Diagnosticar a cultura, construir repert\u00f3rio, criar estrat\u00e9gias recorrentes para que a integridade deixe de ser discurso e vire pr\u00e1tica.\" \/>\n<meta property=\"og:url\" content=\"https:\/\/s2consultoria.com.br\/en\/educacao\/\" \/>\n<meta property=\"og:site_name\" content=\"s2 Consultoria\" \/>\n<meta property=\"article:publisher\" content=\"https:\/\/www.facebook.com\/DimensaoHumanadoRisco\" \/>\n<meta property=\"article:modified_time\" content=\"2025-12-02T14:34:10+00:00\" \/>\n<meta name=\"twitter:card\" content=\"summary_large_image\" \/>\n<script type=\"application\/ld+json\" class=\"yoast-schema-graph\">{\"@context\":\"https:\/\/schema.org\",\"@graph\":[{\"@type\":\"WebPage\",\"@id\":\"https:\/\/s2consultoria.com.br\/educacao\/\",\"url\":\"https:\/\/s2consultoria.com.br\/educacao\/\",\"name\":\"Educa\u00e7\u00e3o \u00c9tica Corporativa - s2 Consultoria\",\"isPartOf\":{\"@id\":\"https:\/\/s2consultoria.com.br\/#website\"},\"datePublished\":\"2025-10-07T13:41:20+00:00\",\"dateModified\":\"2025-12-02T14:34:10+00:00\",\"description\":\"Diagnosticar a cultura, construir repert\u00f3rio, criar estrat\u00e9gias recorrentes para que a integridade deixe de ser discurso e vire pr\u00e1tica.\",\"breadcrumb\":{\"@id\":\"https:\/\/s2consultoria.com.br\/educacao\/#breadcrumb\"},\"inLanguage\":\"en-US\",\"potentialAction\":[{\"@type\":\"ReadAction\",\"target\":[\"https:\/\/s2consultoria.com.br\/educacao\/\"]}]},{\"@type\":\"BreadcrumbList\",\"@id\":\"https:\/\/s2consultoria.com.br\/educacao\/#breadcrumb\",\"itemListElement\":[{\"@type\":\"ListItem\",\"position\":1,\"name\":\"In\u00edcio\",\"item\":\"https:\/\/s2consultoria.com.br\/\"},{\"@type\":\"ListItem\",\"position\":2,\"name\":\"Educa\u00e7\u00e3o\"}]},{\"@type\":\"WebSite\",\"@id\":\"https:\/\/s2consultoria.com.br\/#website\",\"url\":\"https:\/\/s2consultoria.com.br\/\",\"name\":\"s2 Consultoria\",\"description\":\"\",\"publisher\":{\"@id\":\"https:\/\/s2consultoria.com.br\/#organization\"},\"potentialAction\":[{\"@type\":\"SearchAction\",\"target\":{\"@type\":\"EntryPoint\",\"urlTemplate\":\"https:\/\/s2consultoria.com.br\/?s={search_term_string}\"},\"query-input\":{\"@type\":\"PropertyValueSpecification\",\"valueRequired\":true,\"valueName\":\"search_term_string\"}}],\"inLanguage\":\"en-US\"},{\"@type\":\"Organization\",\"@id\":\"https:\/\/s2consultoria.com.br\/#organization\",\"name\":\"s2 Consultoria\",\"url\":\"https:\/\/s2consultoria.com.br\/\",\"logo\":{\"@type\":\"ImageObject\",\"inLanguage\":\"en-US\",\"@id\":\"https:\/\/s2consultoria.com.br\/#\/schema\/logo\/image\/\",\"url\":\"https:\/\/s2consultoria.com.br\/wp-content\/uploads\/2025\/10\/logo.svg\",\"contentUrl\":\"https:\/\/s2consultoria.com.br\/wp-content\/uploads\/2025\/10\/logo.svg\",\"width\":836,\"height\":298,\"caption\":\"s2 Consultoria\"},\"image\":{\"@id\":\"https:\/\/s2consultoria.com.br\/#\/schema\/logo\/image\/\"},\"sameAs\":[\"https:\/\/www.facebook.com\/DimensaoHumanadoRisco\",\"https:\/\/www.instagram.com\/s2consultoria\/\",\"https:\/\/www.linkedin.com\/company\/s2consultoria\/\",\"https:\/\/www.youtube.com\/channel\/UCHOKC0C-7W7E-GoBnZNW4zQ\"]}]}<\/script>\n<!-- \/ Yoast SEO plugin. -->","yoast_head_json":{"title":"Educa\u00e7\u00e3o \u00c9tica Corporativa - s2 Consultoria","description":"Diagnosticar a cultura, construir repert\u00f3rio, criar estrat\u00e9gias recorrentes para que a integridade deixe de ser discurso e vire pr\u00e1tica.","robots":{"index":"index","follow":"follow","max-snippet":"max-snippet:-1","max-image-preview":"max-image-preview:large","max-video-preview":"max-video-preview:-1"},"canonical":"https:\/\/s2consultoria.com.br\/en\/educacao\/","og_locale":"en_US","og_type":"article","og_title":"Educa\u00e7\u00e3o \u00c9tica Corporativa - s2 Consultoria","og_description":"Diagnosticar a cultura, construir repert\u00f3rio, criar estrat\u00e9gias recorrentes para que a integridade deixe de ser discurso e vire pr\u00e1tica.","og_url":"https:\/\/s2consultoria.com.br\/en\/educacao\/","og_site_name":"s2 Consultoria","article_publisher":"https:\/\/www.facebook.com\/DimensaoHumanadoRisco","article_modified_time":"2025-12-02T14:34:10+00:00","twitter_card":"summary_large_image","schema":{"@context":"https:\/\/schema.org","@graph":[{"@type":"WebPage","@id":"https:\/\/s2consultoria.com.br\/educacao\/","url":"https:\/\/s2consultoria.com.br\/educacao\/","name":"Educa\u00e7\u00e3o \u00c9tica Corporativa - s2 Consultoria","isPartOf":{"@id":"https:\/\/s2consultoria.com.br\/#website"},"datePublished":"2025-10-07T13:41:20+00:00","dateModified":"2025-12-02T14:34:10+00:00","description":"Diagnosticar a cultura, construir repert\u00f3rio, criar estrat\u00e9gias recorrentes para que a integridade deixe de ser discurso e vire pr\u00e1tica.","breadcrumb":{"@id":"https:\/\/s2consultoria.com.br\/educacao\/#breadcrumb"},"inLanguage":"en-US","potentialAction":[{"@type":"ReadAction","target":["https:\/\/s2consultoria.com.br\/educacao\/"]}]},{"@type":"BreadcrumbList","@id":"https:\/\/s2consultoria.com.br\/educacao\/#breadcrumb","itemListElement":[{"@type":"ListItem","position":1,"name":"In\u00edcio","item":"https:\/\/s2consultoria.com.br\/"},{"@type":"ListItem","position":2,"name":"Educa\u00e7\u00e3o"}]},{"@type":"WebSite","@id":"https:\/\/s2consultoria.com.br\/#website","url":"https:\/\/s2consultoria.com.br\/","name":"s2 Consulting","description":"","publisher":{"@id":"https:\/\/s2consultoria.com.br\/#organization"},"potentialAction":[{"@type":"SearchAction","target":{"@type":"EntryPoint","urlTemplate":"https:\/\/s2consultoria.com.br\/?s={search_term_string}"},"query-input":{"@type":"PropertyValueSpecification","valueRequired":true,"valueName":"search_term_string"}}],"inLanguage":"en-US"},{"@type":"Organization","@id":"https:\/\/s2consultoria.com.br\/#organization","name":"s2 Consulting","url":"https:\/\/s2consultoria.com.br\/","logo":{"@type":"ImageObject","inLanguage":"en-US","@id":"https:\/\/s2consultoria.com.br\/#\/schema\/logo\/image\/","url":"https:\/\/s2consultoria.com.br\/wp-content\/uploads\/2025\/10\/logo.svg","contentUrl":"https:\/\/s2consultoria.com.br\/wp-content\/uploads\/2025\/10\/logo.svg","width":836,"height":298,"caption":"s2 Consultoria"},"image":{"@id":"https:\/\/s2consultoria.com.br\/#\/schema\/logo\/image\/"},"sameAs":["https:\/\/www.facebook.com\/DimensaoHumanadoRisco","https:\/\/www.instagram.com\/s2consultoria\/","https:\/\/www.linkedin.com\/company\/s2consultoria\/","https:\/\/www.youtube.com\/channel\/UCHOKC0C-7W7E-GoBnZNW4zQ"]}]}},"_links":{"self":[{"href":"https:\/\/s2consultoria.com.br\/en\/wp-json\/wp\/v2\/pages\/32560","targetHints":{"allow":["GET"]}}],"collection":[{"href":"https:\/\/s2consultoria.com.br\/en\/wp-json\/wp\/v2\/pages"}],"about":[{"href":"https:\/\/s2consultoria.com.br\/en\/wp-json\/wp\/v2\/types\/page"}],"author":[{"embeddable":true,"href":"https:\/\/s2consultoria.com.br\/en\/wp-json\/wp\/v2\/users\/1"}],"replies":[{"embeddable":true,"href":"https:\/\/s2consultoria.com.br\/en\/wp-json\/wp\/v2\/comments?post=32560"}],"version-history":[{"count":11,"href":"https:\/\/s2consultoria.com.br\/en\/wp-json\/wp\/v2\/pages\/32560\/revisions"}],"predecessor-version":[{"id":32602,"href":"https:\/\/s2consultoria.com.br\/en\/wp-json\/wp\/v2\/pages\/32560\/revisions\/32602"}],"wp:attachment":[{"href":"https:\/\/s2consultoria.com.br\/en\/wp-json\/wp\/v2\/media?parent=32560"}],"curies":[{"name":"wp","href":"https:\/\/api.w.org\/{rel}","templated":true}]}}