{"id":133,"date":"2025-07-16T17:47:32","date_gmt":"2025-07-16T20:47:32","guid":{"rendered":"https:\/\/s2consultoria.com.br\/?page_id=133"},"modified":"2026-05-08T14:55:19","modified_gmt":"2026-05-08T17:55:19","slug":"teste-de-integridade","status":"publish","type":"page","link":"https:\/\/s2consultoria.com.br\/es\/teste-de-integridade\/","title":{"rendered":"Prueba de integridad PIR"},"content":{"rendered":"","protected":false},"excerpt":{"rendered":"","protected":false},"author":1,"featured_media":0,"parent":0,"menu_order":0,"comment_status":"closed","ping_status":"closed","template":"page-teste_integridade.php","meta":{"footnotes":""},"class_list":["post-133","page","type-page","status-publish","hentry"],"acf":[],"yoast_head":"<!-- This site is optimized with the Yoast SEO plugin v27.6 - https:\/\/yoast.com\/product\/yoast-seo-wordpress\/ -->\n<title>Teste de integridade PIR - s2 Consultoria<\/title>\n<meta name=\"description\" content=\"9 de 10 profissionais contratados por perfil t\u00e9cnico s\u00e3o demitidos por quest\u00f5es comportamentais! Por isso, mapear os gatilhos, revelar\" \/>\n<meta name=\"robots\" content=\"index, follow, max-snippet:-1, max-image-preview:large, max-video-preview:-1\" \/>\n<link rel=\"canonical\" href=\"https:\/\/s2consultoria.com.br\/es\/teste-de-integridade\/\" \/>\n<meta property=\"og:locale\" content=\"es_ES\" \/>\n<meta property=\"og:type\" content=\"article\" \/>\n<meta property=\"og:title\" content=\"Teste de integridade PIR - s2 Consultoria\" \/>\n<meta property=\"og:description\" content=\"9 de 10 profissionais contratados por perfil t\u00e9cnico s\u00e3o demitidos por quest\u00f5es comportamentais! Por isso, mapear os gatilhos, revelar\" \/>\n<meta property=\"og:url\" content=\"https:\/\/s2consultoria.com.br\/es\/teste-de-integridade\/\" \/>\n<meta property=\"og:site_name\" content=\"s2 Consultoria\" \/>\n<meta property=\"article:publisher\" content=\"https:\/\/www.facebook.com\/DimensaoHumanadoRisco\" \/>\n<meta property=\"article:modified_time\" content=\"2026-05-08T17:55:19+00:00\" \/>\n<meta name=\"twitter:card\" content=\"summary_large_image\" \/>\n<script type=\"application\/ld+json\" class=\"yoast-schema-graph\">{\"@context\":\"https:\\\/\\\/schema.org\",\"@graph\":[{\"@type\":\"WebPage\",\"@id\":\"https:\\\/\\\/s2consultoria.com.br\\\/teste-de-integridade\\\/\",\"url\":\"https:\\\/\\\/s2consultoria.com.br\\\/teste-de-integridade\\\/\",\"name\":\"Teste de integridade PIR - s2 Consultoria\",\"isPartOf\":{\"@id\":\"https:\\\/\\\/s2consultoria.com.br\\\/#website\"},\"datePublished\":\"2025-07-16T20:47:32+00:00\",\"dateModified\":\"2026-05-08T17:55:19+00:00\",\"description\":\"9 de 10 profissionais contratados por perfil t\u00e9cnico s\u00e3o demitidos por quest\u00f5es comportamentais! Por isso, mapear os gatilhos, revelar\",\"breadcrumb\":{\"@id\":\"https:\\\/\\\/s2consultoria.com.br\\\/teste-de-integridade\\\/#breadcrumb\"},\"inLanguage\":\"es\",\"potentialAction\":[{\"@type\":\"ReadAction\",\"target\":[\"https:\\\/\\\/s2consultoria.com.br\\\/teste-de-integridade\\\/\"]}]},{\"@type\":\"BreadcrumbList\",\"@id\":\"https:\\\/\\\/s2consultoria.com.br\\\/teste-de-integridade\\\/#breadcrumb\",\"itemListElement\":[{\"@type\":\"ListItem\",\"position\":1,\"name\":\"In\u00edcio\",\"item\":\"https:\\\/\\\/s2consultoria.com.br\\\/\"},{\"@type\":\"ListItem\",\"position\":2,\"name\":\"Teste de integridade PIR\"}]},{\"@type\":\"WebSite\",\"@id\":\"https:\\\/\\\/s2consultoria.com.br\\\/#website\",\"url\":\"https:\\\/\\\/s2consultoria.com.br\\\/\",\"name\":\"s2 Consultoria\",\"description\":\"\",\"publisher\":{\"@id\":\"https:\\\/\\\/s2consultoria.com.br\\\/#organization\"},\"potentialAction\":[{\"@type\":\"SearchAction\",\"target\":{\"@type\":\"EntryPoint\",\"urlTemplate\":\"https:\\\/\\\/s2consultoria.com.br\\\/?s={search_term_string}\"},\"query-input\":{\"@type\":\"PropertyValueSpecification\",\"valueRequired\":true,\"valueName\":\"search_term_string\"}}],\"inLanguage\":\"es\"},{\"@type\":\"Organization\",\"@id\":\"https:\\\/\\\/s2consultoria.com.br\\\/#organization\",\"name\":\"s2 Consultoria\",\"url\":\"https:\\\/\\\/s2consultoria.com.br\\\/\",\"logo\":{\"@type\":\"ImageObject\",\"inLanguage\":\"es\",\"@id\":\"https:\\\/\\\/s2consultoria.com.br\\\/#\\\/schema\\\/logo\\\/image\\\/\",\"url\":\"https:\\\/\\\/s2consultoria.com.br\\\/wp-content\\\/uploads\\\/2025\\\/10\\\/logo.svg\",\"contentUrl\":\"https:\\\/\\\/s2consultoria.com.br\\\/wp-content\\\/uploads\\\/2025\\\/10\\\/logo.svg\",\"width\":836,\"height\":298,\"caption\":\"s2 Consultoria\"},\"image\":{\"@id\":\"https:\\\/\\\/s2consultoria.com.br\\\/#\\\/schema\\\/logo\\\/image\\\/\"},\"sameAs\":[\"https:\\\/\\\/www.facebook.com\\\/DimensaoHumanadoRisco\",\"https:\\\/\\\/www.instagram.com\\\/s2consultoria\\\/\",\"https:\\\/\\\/www.linkedin.com\\\/company\\\/s2consultoria\\\/\",\"https:\\\/\\\/www.youtube.com\\\/channel\\\/UCHOKC0C-7W7E-GoBnZNW4zQ\"]}]}<\/script>\n<!-- \/ Yoast SEO plugin. -->","yoast_head_json":{"title":"Teste de integridade PIR - s2 Consultoria","description":"9 de 10 profissionais contratados por perfil t\u00e9cnico s\u00e3o demitidos por quest\u00f5es comportamentais! Por isso, mapear os gatilhos, revelar","robots":{"index":"index","follow":"follow","max-snippet":"max-snippet:-1","max-image-preview":"max-image-preview:large","max-video-preview":"max-video-preview:-1"},"canonical":"https:\/\/s2consultoria.com.br\/es\/teste-de-integridade\/","og_locale":"es_ES","og_type":"article","og_title":"Teste de integridade PIR - s2 Consultoria","og_description":"9 de 10 profissionais contratados por perfil t\u00e9cnico s\u00e3o demitidos por quest\u00f5es comportamentais! Por isso, mapear os gatilhos, revelar","og_url":"https:\/\/s2consultoria.com.br\/es\/teste-de-integridade\/","og_site_name":"s2 Consultoria","article_publisher":"https:\/\/www.facebook.com\/DimensaoHumanadoRisco","article_modified_time":"2026-05-08T17:55:19+00:00","twitter_card":"summary_large_image","schema":{"@context":"https:\/\/schema.org","@graph":[{"@type":"WebPage","@id":"https:\/\/s2consultoria.com.br\/teste-de-integridade\/","url":"https:\/\/s2consultoria.com.br\/teste-de-integridade\/","name":"Teste de integridade PIR - s2 Consultoria","isPartOf":{"@id":"https:\/\/s2consultoria.com.br\/#website"},"datePublished":"2025-07-16T20:47:32+00:00","dateModified":"2026-05-08T17:55:19+00:00","description":"9 de 10 profissionais contratados por perfil t\u00e9cnico s\u00e3o demitidos por quest\u00f5es comportamentais! Por isso, mapear os gatilhos, revelar","breadcrumb":{"@id":"https:\/\/s2consultoria.com.br\/teste-de-integridade\/#breadcrumb"},"inLanguage":"es","potentialAction":[{"@type":"ReadAction","target":["https:\/\/s2consultoria.com.br\/teste-de-integridade\/"]}]},{"@type":"BreadcrumbList","@id":"https:\/\/s2consultoria.com.br\/teste-de-integridade\/#breadcrumb","itemListElement":[{"@type":"ListItem","position":1,"name":"In\u00edcio","item":"https:\/\/s2consultoria.com.br\/"},{"@type":"ListItem","position":2,"name":"Teste de integridade PIR"}]},{"@type":"WebSite","@id":"https:\/\/s2consultoria.com.br\/#website","url":"https:\/\/s2consultoria.com.br\/","name":"s2 Consultor\u00eda","description":"","publisher":{"@id":"https:\/\/s2consultoria.com.br\/#organization"},"potentialAction":[{"@type":"SearchAction","target":{"@type":"EntryPoint","urlTemplate":"https:\/\/s2consultoria.com.br\/?s={search_term_string}"},"query-input":{"@type":"PropertyValueSpecification","valueRequired":true,"valueName":"search_term_string"}}],"inLanguage":"es"},{"@type":"Organization","@id":"https:\/\/s2consultoria.com.br\/#organization","name":"s2 Consultor\u00eda","url":"https:\/\/s2consultoria.com.br\/","logo":{"@type":"ImageObject","inLanguage":"es","@id":"https:\/\/s2consultoria.com.br\/#\/schema\/logo\/image\/","url":"https:\/\/s2consultoria.com.br\/wp-content\/uploads\/2025\/10\/logo.svg","contentUrl":"https:\/\/s2consultoria.com.br\/wp-content\/uploads\/2025\/10\/logo.svg","width":836,"height":298,"caption":"s2 Consultoria"},"image":{"@id":"https:\/\/s2consultoria.com.br\/#\/schema\/logo\/image\/"},"sameAs":["https:\/\/www.facebook.com\/DimensaoHumanadoRisco","https:\/\/www.instagram.com\/s2consultoria\/","https:\/\/www.linkedin.com\/company\/s2consultoria\/","https:\/\/www.youtube.com\/channel\/UCHOKC0C-7W7E-GoBnZNW4zQ"]}]}},"_links":{"self":[{"href":"https:\/\/s2consultoria.com.br\/es\/wp-json\/wp\/v2\/pages\/133","targetHints":{"allow":["GET"]}}],"collection":[{"href":"https:\/\/s2consultoria.com.br\/es\/wp-json\/wp\/v2\/pages"}],"about":[{"href":"https:\/\/s2consultoria.com.br\/es\/wp-json\/wp\/v2\/types\/page"}],"author":[{"embeddable":true,"href":"https:\/\/s2consultoria.com.br\/es\/wp-json\/wp\/v2\/users\/1"}],"replies":[{"embeddable":true,"href":"https:\/\/s2consultoria.com.br\/es\/wp-json\/wp\/v2\/comments?post=133"}],"version-history":[{"count":22,"href":"https:\/\/s2consultoria.com.br\/es\/wp-json\/wp\/v2\/pages\/133\/revisions"}],"predecessor-version":[{"id":32744,"href":"https:\/\/s2consultoria.com.br\/es\/wp-json\/wp\/v2\/pages\/133\/revisions\/32744"}],"wp:attachment":[{"href":"https:\/\/s2consultoria.com.br\/es\/wp-json\/wp\/v2\/media?parent=133"}],"curies":[{"name":"wp","href":"https:\/\/api.w.org\/{rel}","templated":true}]}}